{"id":845,"date":"2024-07-23T11:32:03","date_gmt":"2024-07-23T11:32:03","guid":{"rendered":"https:\/\/update.talenteum.com\/?page_id=845"},"modified":"2024-08-23T16:05:57","modified_gmt":"2024-08-23T12:05:57","slug":"merci","status":"publish","type":"page","link":"https:\/\/talenteum.com\/fr\/merci\/","title":{"rendered":"Merci"},"content":{"rendered":"\t\t<div data-elementor-type=\"wp-page\" data-elementor-id=\"845\" class=\"elementor elementor-845\" data-elementor-post-type=\"page\">\n\t\t\t\t<div class=\"elementor-element elementor-element-f94f84d e-con-full e-flex e-con e-parent\" data-id=\"f94f84d\" data-element_type=\"container\" data-settings=\"{&quot;background_background&quot;:&quot;classic&quot;}\">\n\t\t<div class=\"elementor-element elementor-element-3a9dd54 e-con-full e-flex e-con e-child\" data-id=\"3a9dd54\" data-element_type=\"container\">\n\t\t\t\t<div class=\"elementor-element elementor-element-8990f1a elementor-invisible elementor-widget elementor-widget-heading\" data-id=\"8990f1a\" data-element_type=\"widget\" data-settings=\"{&quot;_animation&quot;:&quot;slideInUp&quot;}\" data-widget_type=\"heading.default\">\n\t\t\t\t<div class=\"elementor-widget-container\">\n\t\t\t<style>\/*! elementor - v3.23.0 - 05-08-2024 *\/\n.elementor-heading-title{padding:0;margin:0;line-height:1}.elementor-widget-heading .elementor-heading-title[class*=elementor-size-]>a{color:inherit;font-size:inherit;line-height:inherit}.elementor-widget-heading .elementor-heading-title.elementor-size-small{font-size:15px}.elementor-widget-heading .elementor-heading-title.elementor-size-medium{font-size:19px}.elementor-widget-heading .elementor-heading-title.elementor-size-large{font-size:29px}.elementor-widget-heading .elementor-heading-title.elementor-size-xl{font-size:39px}.elementor-widget-heading .elementor-heading-title.elementor-size-xxl{font-size:59px}<\/style><h1 class=\"elementor-heading-title elementor-size-default\">Bien <BR> re\u00e7u!<\/h1>\t\t<\/div>\n\t\t\t\t<\/div>\n\t\t\t\t<div class=\"elementor-element elementor-element-e4b5e6a elementor-invisible elementor-widget elementor-widget-heading\" data-id=\"e4b5e6a\" data-element_type=\"widget\" data-settings=\"{&quot;_animation&quot;:&quot;slideInUp&quot;}\" data-widget_type=\"heading.default\">\n\t\t\t\t<div class=\"elementor-widget-container\">\n\t\t\t<p class=\"elementor-heading-title elementor-size-default\">Nous reviendrons vers vous <BR> dans les plus brefs d\u00e9lais.<\/p>\t\t<\/div>\n\t\t\t\t<\/div>\n\t\t\t\t<div class=\"elementor-element elementor-element-e883a70 elementor-invisible elementor-widget elementor-widget-heading\" data-id=\"e883a70\" data-element_type=\"widget\" data-settings=\"{&quot;_animation&quot;:&quot;slideInUp&quot;}\" data-widget_type=\"heading.default\">\n\t\t\t\t<div class=\"elementor-widget-container\">\n\t\t\t<p class=\"elementor-heading-title elementor-size-default\">Suivez-nous et restez inform\u00e9 des <BR> actualit\u00e9s du travail \u00e0 distance.<\/p>\t\t<\/div>\n\t\t\t\t<\/div>\n\t\t\t\t<div class=\"elementor-element elementor-element-b9684f6 elementor-align-center animated-slow elementor-invisible elementor-widget elementor-widget-button\" data-id=\"b9684f6\" data-element_type=\"widget\" data-settings=\"{&quot;_animation&quot;:&quot;pulse&quot;,&quot;_animation_delay&quot;:60}\" data-widget_type=\"button.default\">\n\t\t\t\t<div class=\"elementor-widget-container\">\n\t\t\t\t\t<div class=\"elementor-button-wrapper\">\n\t\t\t<a class=\"elementor-button elementor-button-link elementor-size-md\" href=\"https:\/\/www.linkedin.com\/company\/talenteum\">\n\t\t\t\t\t\t<span class=\"elementor-button-content-wrapper\">\n\t\t\t\t\t\t\t\t\t<span class=\"elementor-button-text\">Suivez-nous sur Linkedin<\/span>\n\t\t\t\t\t<\/span>\n\t\t\t\t\t<\/a>\n\t\t<\/div>\n\t\t\t\t<\/div>\n\t\t\t\t<\/div>\n\t\t\t\t<\/div>\n\t\t\t\t<\/div>\n\t\t<div class=\"elementor-element elementor-element-0540e5f e-flex e-con-boxed e-con e-parent\" data-id=\"0540e5f\" data-element_type=\"container\">\n\t\t\t\t\t<div class=\"e-con-inner\">\n\t\t\t\t<div class=\"elementor-element elementor-element-505b615 elementor-widget elementor-widget-spacer\" data-id=\"505b615\" data-element_type=\"widget\" data-widget_type=\"spacer.default\">\n\t\t\t\t<div class=\"elementor-widget-container\">\n\t\t\t<style>\/*! elementor - v3.23.0 - 05-08-2024 *\/\n.elementor-column .elementor-spacer-inner{height:var(--spacer-size)}.e-con{--container-widget-width:100%}.e-con-inner>.elementor-widget-spacer,.e-con>.elementor-widget-spacer{width:var(--container-widget-width,var(--spacer-size));--align-self:var(--container-widget-align-self,initial);--flex-shrink:0}.e-con-inner>.elementor-widget-spacer>.elementor-widget-container,.e-con>.elementor-widget-spacer>.elementor-widget-container{height:100%;width:100%}.e-con-inner>.elementor-widget-spacer>.elementor-widget-container>.elementor-spacer,.e-con>.elementor-widget-spacer>.elementor-widget-container>.elementor-spacer{height:100%}.e-con-inner>.elementor-widget-spacer>.elementor-widget-container>.elementor-spacer>.elementor-spacer-inner,.e-con>.elementor-widget-spacer>.elementor-widget-container>.elementor-spacer>.elementor-spacer-inner{height:var(--container-widget-height,var(--spacer-size))}.e-con-inner>.elementor-widget-spacer.elementor-widget-empty,.e-con>.elementor-widget-spacer.elementor-widget-empty{position:relative;min-height:22px;min-width:22px}.e-con-inner>.elementor-widget-spacer.elementor-widget-empty .elementor-widget-empty-icon,.e-con>.elementor-widget-spacer.elementor-widget-empty .elementor-widget-empty-icon{position:absolute;top:0;bottom:0;left:0;right:0;margin:auto;padding:0;width:22px;height:22px}<\/style>\t\t<div class=\"elementor-spacer\">\n\t\t\t<div class=\"elementor-spacer-inner\"><\/div>\n\t\t<\/div>\n\t\t\t\t<\/div>\n\t\t\t\t<\/div>\n\t\t\t\t\t<\/div>\n\t\t\t\t<\/div>\n\t\t\t\t<\/div>\n\t\t","protected":false},"excerpt":{"rendered":"<p>Bien re\u00e7u! Nous reviendrons vers vous dans les plus brefs d\u00e9lais. Suivez-nous et restez inform\u00e9 des actualit\u00e9s du travail \u00e0 distance. Suivez-nous sur Linkedin<\/p>\n","protected":false},"author":4,"featured_media":0,"parent":0,"menu_order":0,"comment_status":"closed","ping_status":"closed","template":"","meta":{"_monsterinsights_skip_tracking":false,"_monsterinsights_sitenote_active":false,"_monsterinsights_sitenote_note":"","_monsterinsights_sitenote_category":0,"footnotes":""},"categories":[],"tags":[],"class_list":["post-845","page","type-page","status-publish","hentry"],"yoast_head":"<!-- This site is optimized with the Yoast SEO plugin v23.3 - https:\/\/yoast.com\/wordpress\/plugins\/seo\/ -->\n<title>Merci - Talenteum<\/title>\n<meta name=\"description\" content=\"Merci de nous avoir contact\u00e9s. Nos experts en RH vous r\u00e9pondront d\u00e8s que possible. Cliquez ici pour nous suivre sur Linkedin.\" \/>\n<meta name=\"robots\" content=\"index, follow, max-snippet:-1, max-image-preview:large, max-video-preview:-1\" \/>\n<link rel=\"canonical\" href=\"https:\/\/talenteum.com\/fr\/merci\/\" \/>\n<meta property=\"og:locale\" content=\"fr_FR\" \/>\n<meta property=\"og:type\" content=\"article\" \/>\n<meta property=\"og:title\" content=\"Merci - Talenteum\" \/>\n<meta property=\"og:description\" content=\"Merci de nous avoir contact\u00e9s. Nos experts en RH vous r\u00e9pondront d\u00e8s que possible. Cliquez ici pour nous suivre sur Linkedin.\" \/>\n<meta property=\"og:url\" content=\"https:\/\/talenteum.com\/fr\/merci\/\" \/>\n<meta property=\"og:site_name\" content=\"Talenteum\" \/>\n<meta property=\"article:publisher\" content=\"https:\/\/www.facebook.com\/talenteum\/\" \/>\n<meta property=\"article:modified_time\" content=\"2024-08-23T12:05:57+00:00\" \/>\n<meta name=\"twitter:card\" content=\"summary_large_image\" \/>\n<meta name=\"twitter:label1\" content=\"Dur\u00e9e de lecture estim\u00e9e\" \/>\n\t<meta name=\"twitter:data1\" content=\"1 minute\" \/>\n<script type=\"application\/ld+json\" class=\"yoast-schema-graph\">{\"@context\":\"https:\/\/schema.org\",\"@graph\":[{\"@type\":\"WebPage\",\"@id\":\"https:\/\/talenteum.com\/fr\/merci\/\",\"url\":\"https:\/\/talenteum.com\/fr\/merci\/\",\"name\":\"Merci - Talenteum\",\"isPartOf\":{\"@id\":\"https:\/\/talenteum.com\/fr\/#website\"},\"datePublished\":\"2024-07-23T11:32:03+00:00\",\"dateModified\":\"2024-08-23T12:05:57+00:00\",\"description\":\"Merci de nous avoir contact\u00e9s. Nos experts en RH vous r\u00e9pondront d\u00e8s que possible. Cliquez ici pour nous suivre sur Linkedin.\",\"breadcrumb\":{\"@id\":\"https:\/\/talenteum.com\/fr\/merci\/#breadcrumb\"},\"inLanguage\":\"fr-FR\",\"potentialAction\":[{\"@type\":\"ReadAction\",\"target\":[\"https:\/\/talenteum.com\/fr\/merci\/\"]}]},{\"@type\":\"BreadcrumbList\",\"@id\":\"https:\/\/talenteum.com\/fr\/merci\/#breadcrumb\",\"itemListElement\":[{\"@type\":\"ListItem\",\"position\":1,\"name\":\"Home\",\"item\":\"https:\/\/talenteum.com\/fr\/\"},{\"@type\":\"ListItem\",\"position\":2,\"name\":\"Merci\"}]},{\"@type\":\"WebSite\",\"@id\":\"https:\/\/talenteum.com\/fr\/#website\",\"url\":\"https:\/\/talenteum.com\/fr\/\",\"name\":\"Talenteum.com\",\"description\":\"\",\"publisher\":{\"@id\":\"https:\/\/talenteum.com\/fr\/#organization\"},\"potentialAction\":[{\"@type\":\"SearchAction\",\"target\":{\"@type\":\"EntryPoint\",\"urlTemplate\":\"https:\/\/talenteum.com\/fr\/?s={search_term_string}\"},\"query-input\":\"required name=search_term_string\"}],\"inLanguage\":\"fr-FR\"},{\"@type\":\"Organization\",\"@id\":\"https:\/\/talenteum.com\/fr\/#organization\",\"name\":\"Talenteum\",\"url\":\"https:\/\/talenteum.com\/fr\/\",\"logo\":{\"@type\":\"ImageObject\",\"inLanguage\":\"fr-FR\",\"@id\":\"https:\/\/talenteum.com\/fr\/#\/schema\/logo\/image\/\",\"url\":\"https:\/\/talenteum.com\/wp-content\/uploads\/2024\/07\/Logo-Talenteum-v2-transp.png\",\"contentUrl\":\"https:\/\/talenteum.com\/wp-content\/uploads\/2024\/07\/Logo-Talenteum-v2-transp.png\",\"width\":1354,\"height\":408,\"caption\":\"Talenteum\"},\"image\":{\"@id\":\"https:\/\/talenteum.com\/fr\/#\/schema\/logo\/image\/\"},\"sameAs\":[\"https:\/\/www.facebook.com\/talenteum\/\",\"https:\/\/www.linkedin.com\/company\/talenteum\",\"https:\/\/www.youtube.com\/@talenteumafrica6913\"]}]}<\/script>\n<!-- \/ Yoast SEO plugin. -->","yoast_head_json":{"title":"Merci - Talenteum","description":"Merci de nous avoir contact\u00e9s. Nos experts en RH vous r\u00e9pondront d\u00e8s que possible. Cliquez ici pour nous suivre sur Linkedin.","robots":{"index":"index","follow":"follow","max-snippet":"max-snippet:-1","max-image-preview":"max-image-preview:large","max-video-preview":"max-video-preview:-1"},"canonical":"https:\/\/talenteum.com\/fr\/merci\/","og_locale":"fr_FR","og_type":"article","og_title":"Merci - Talenteum","og_description":"Merci de nous avoir contact\u00e9s. Nos experts en RH vous r\u00e9pondront d\u00e8s que possible. Cliquez ici pour nous suivre sur Linkedin.","og_url":"https:\/\/talenteum.com\/fr\/merci\/","og_site_name":"Talenteum","article_publisher":"https:\/\/www.facebook.com\/talenteum\/","article_modified_time":"2024-08-23T12:05:57+00:00","twitter_card":"summary_large_image","twitter_misc":{"Dur\u00e9e de lecture estim\u00e9e":"1 minute"},"schema":{"@context":"https:\/\/schema.org","@graph":[{"@type":"WebPage","@id":"https:\/\/talenteum.com\/fr\/merci\/","url":"https:\/\/talenteum.com\/fr\/merci\/","name":"Merci - Talenteum","isPartOf":{"@id":"https:\/\/talenteum.com\/fr\/#website"},"datePublished":"2024-07-23T11:32:03+00:00","dateModified":"2024-08-23T12:05:57+00:00","description":"Merci de nous avoir contact\u00e9s. Nos experts en RH vous r\u00e9pondront d\u00e8s que possible. Cliquez ici pour nous suivre sur Linkedin.","breadcrumb":{"@id":"https:\/\/talenteum.com\/fr\/merci\/#breadcrumb"},"inLanguage":"fr-FR","potentialAction":[{"@type":"ReadAction","target":["https:\/\/talenteum.com\/fr\/merci\/"]}]},{"@type":"BreadcrumbList","@id":"https:\/\/talenteum.com\/fr\/merci\/#breadcrumb","itemListElement":[{"@type":"ListItem","position":1,"name":"Home","item":"https:\/\/talenteum.com\/fr\/"},{"@type":"ListItem","position":2,"name":"Merci"}]},{"@type":"WebSite","@id":"https:\/\/talenteum.com\/fr\/#website","url":"https:\/\/talenteum.com\/fr\/","name":"Talenteum.com","description":"","publisher":{"@id":"https:\/\/talenteum.com\/fr\/#organization"},"potentialAction":[{"@type":"SearchAction","target":{"@type":"EntryPoint","urlTemplate":"https:\/\/talenteum.com\/fr\/?s={search_term_string}"},"query-input":"required name=search_term_string"}],"inLanguage":"fr-FR"},{"@type":"Organization","@id":"https:\/\/talenteum.com\/fr\/#organization","name":"Talenteum","url":"https:\/\/talenteum.com\/fr\/","logo":{"@type":"ImageObject","inLanguage":"fr-FR","@id":"https:\/\/talenteum.com\/fr\/#\/schema\/logo\/image\/","url":"https:\/\/talenteum.com\/wp-content\/uploads\/2024\/07\/Logo-Talenteum-v2-transp.png","contentUrl":"https:\/\/talenteum.com\/wp-content\/uploads\/2024\/07\/Logo-Talenteum-v2-transp.png","width":1354,"height":408,"caption":"Talenteum"},"image":{"@id":"https:\/\/talenteum.com\/fr\/#\/schema\/logo\/image\/"},"sameAs":["https:\/\/www.facebook.com\/talenteum\/","https:\/\/www.linkedin.com\/company\/talenteum","https:\/\/www.youtube.com\/@talenteumafrica6913"]}]}},"_links":{"self":[{"href":"https:\/\/talenteum.com\/fr\/wp-json\/wp\/v2\/pages\/845","targetHints":{"allow":["GET"]}}],"collection":[{"href":"https:\/\/talenteum.com\/fr\/wp-json\/wp\/v2\/pages"}],"about":[{"href":"https:\/\/talenteum.com\/fr\/wp-json\/wp\/v2\/types\/page"}],"author":[{"embeddable":true,"href":"https:\/\/talenteum.com\/fr\/wp-json\/wp\/v2\/users\/4"}],"replies":[{"embeddable":true,"href":"https:\/\/talenteum.com\/fr\/wp-json\/wp\/v2\/comments?post=845"}],"version-history":[{"count":16,"href":"https:\/\/talenteum.com\/fr\/wp-json\/wp\/v2\/pages\/845\/revisions"}],"predecessor-version":[{"id":2400,"href":"https:\/\/talenteum.com\/fr\/wp-json\/wp\/v2\/pages\/845\/revisions\/2400"}],"wp:attachment":[{"href":"https:\/\/talenteum.com\/fr\/wp-json\/wp\/v2\/media?parent=845"}],"wp:term":[{"taxonomy":"category","embeddable":true,"href":"https:\/\/talenteum.com\/fr\/wp-json\/wp\/v2\/categories?post=845"},{"taxonomy":"post_tag","embeddable":true,"href":"https:\/\/talenteum.com\/fr\/wp-json\/wp\/v2\/tags?post=845"}],"curies":[{"name":"wp","href":"https:\/\/api.w.org\/{rel}","templated":true}]}}