{"id":4526,"date":"2025-04-15T13:37:34","date_gmt":"2025-04-15T09:37:34","guid":{"rendered":"https:\/\/talenteum.com\/?page_id=4526"},"modified":"2025-09-18T14:38:59","modified_gmt":"2025-09-18T10:38:59","slug":"rejoignez-la-communaute","status":"publish","type":"page","link":"https:\/\/talenteum.com\/fr\/rejoignez-la-communaute\/","title":{"rendered":"Rejoignez la communaut\u00e9"},"content":{"rendered":"\t\t<div data-elementor-type=\"wp-page\" data-elementor-id=\"4526\" class=\"elementor elementor-4526\" data-elementor-post-type=\"page\">\n\t\t\t\t\t\t<section class=\"elementor-section elementor-top-section elementor-element elementor-element-a18240f elementor-section-boxed elementor-section-height-default elementor-section-height-default\" data-id=\"a18240f\" data-element_type=\"section\">\n\t\t\t\t\t\t<div class=\"elementor-container elementor-column-gap-default\">\n\t\t\t\t\t<div class=\"elementor-column elementor-col-100 elementor-top-column elementor-element elementor-element-5e05e57\" data-id=\"5e05e57\" data-element_type=\"column\">\n\t\t\t<div class=\"elementor-widget-wrap elementor-element-populated\">\n\t\t\t\t\t\t<div class=\"elementor-element elementor-element-25eb120 elementor-widget elementor-widget-heading\" data-id=\"25eb120\" data-element_type=\"widget\" data-widget_type=\"heading.default\">\n\t\t\t\t<div class=\"elementor-widget-container\">\n\t\t\t<style>\/*! elementor - v3.23.0 - 05-08-2024 *\/\n.elementor-heading-title{padding:0;margin:0;line-height:1}.elementor-widget-heading .elementor-heading-title[class*=elementor-size-]>a{color:inherit;font-size:inherit;line-height:inherit}.elementor-widget-heading .elementor-heading-title.elementor-size-small{font-size:15px}.elementor-widget-heading .elementor-heading-title.elementor-size-medium{font-size:19px}.elementor-widget-heading .elementor-heading-title.elementor-size-large{font-size:29px}.elementor-widget-heading .elementor-heading-title.elementor-size-xl{font-size:39px}.elementor-widget-heading .elementor-heading-title.elementor-size-xxl{font-size:59px}<\/style><h2 class=\"elementor-heading-title elementor-size-default\">\ud83d\ude80 Talenteum lance son application Breedj, <\/br> qui deviendra votre plateforme de mise en relation.<\/h2>\t\t<\/div>\n\t\t\t\t<\/div>\n\t\t\t\t<div class=\"elementor-element elementor-element-7129de0 elementor-widget elementor-widget-text-editor\" data-id=\"7129de0\" data-element_type=\"widget\" data-widget_type=\"text-editor.default\">\n\t\t\t\t<div class=\"elementor-widget-container\">\n\t\t\t<style>\/*! elementor - v3.23.0 - 05-08-2024 *\/\n.elementor-widget-text-editor.elementor-drop-cap-view-stacked .elementor-drop-cap{background-color:#69727d;color:#fff}.elementor-widget-text-editor.elementor-drop-cap-view-framed .elementor-drop-cap{color:#69727d;border:3px solid;background-color:transparent}.elementor-widget-text-editor:not(.elementor-drop-cap-view-default) .elementor-drop-cap{margin-top:8px}.elementor-widget-text-editor:not(.elementor-drop-cap-view-default) .elementor-drop-cap-letter{width:1em;height:1em}.elementor-widget-text-editor .elementor-drop-cap{float:left;text-align:center;line-height:1;font-size:50px}.elementor-widget-text-editor .elementor-drop-cap-letter{display:inline-block}<\/style>\t\t\t\t<p><strong>Breedj <\/strong>cr\u00e9e un lien entre les talents internationaux et les entreprises qui <br \/>cherchent \u00e0 recruter \u00e0 distance, que ce soit pour des projets freelance ou des postes \u00e0 temps plein.<\/p>\t\t\t\t\t\t<\/div>\n\t\t\t\t<\/div>\n\t\t\t\t\t<\/div>\n\t\t<\/div>\n\t\t\t\t\t<\/div>\n\t\t<\/section>\n\t\t\t\t<section class=\"elementor-section elementor-top-section elementor-element elementor-element-1b35781 elementor-section-boxed elementor-section-height-default elementor-section-height-default\" data-id=\"1b35781\" data-element_type=\"section\">\n\t\t\t\t\t\t<div class=\"elementor-container elementor-column-gap-default\">\n\t\t\t\t\t<div class=\"elementor-column elementor-col-50 elementor-top-column elementor-element elementor-element-65a507c\" data-id=\"65a507c\" data-element_type=\"column\">\n\t\t\t<div class=\"elementor-widget-wrap elementor-element-populated\">\n\t\t\t\t\t\t<div class=\"elementor-element elementor-element-01befef elementor-widget elementor-widget-text-editor\" data-id=\"01befef\" data-element_type=\"widget\" data-widget_type=\"text-editor.default\">\n\t\t\t\t<div class=\"elementor-widget-container\">\n\t\t\t\t\t\t\t<h3 class=\"gmail-\"><img decoding=\"async\" class=\"emoji\" role=\"img\" draggable=\"false\" src=\"https:\/\/s.w.org\/images\/core\/emoji\/15.0.3\/svg\/1f3af.svg\" alt=\"\ud83c\udfaf\" \/> Pourquoi cr\u00e9er votre compte ?<\/h3><ul><li class=\"gmail-\"><p class=\"gmail-\"><strong>Trouvez un emploi \u00e0 distance<\/strong>, en freelance ou en CDI, sans quitter votre pays.<\/p><\/li><li class=\"gmail-\"><p class=\"gmail-\"><strong>Acc\u00e9dez gratuitement \u00e0 des offres v\u00e9rifi\u00e9es<\/strong>\u00a0sur notre plateforme.<\/p><\/li><li class=\"gmail-\"><p class=\"gmail-\"><strong>Gardez 100 % de votre salaire<\/strong>\u00a0: aucun frais ni commission pour les talents.<\/p><\/li><li class=\"gmail-\"><p class=\"gmail-\"><strong>Compl\u00e9tez vos droits sociaux<\/strong>\u00a0dans votre pays gr\u00e2ce \u00e0 notre service de portage salarial.<\/p><\/li><\/ul><div>\ud83d\udca1 M\u00eame si <strong>vous avez d\u00e9j\u00e0 trouv\u00e9 votre entreprise<\/strong>, vous pouvez passer par Breedj pour <strong>porter votre contrat et cotiser vos charges sociales dans votre pays<\/strong> en toute l\u00e9galit\u00e9.<\/div>\t\t\t\t\t\t<\/div>\n\t\t\t\t<\/div>\n\t\t\t\t\t<\/div>\n\t\t<\/div>\n\t\t\t\t<div class=\"elementor-column elementor-col-50 elementor-top-column elementor-element elementor-element-544bea6\" data-id=\"544bea6\" data-element_type=\"column\">\n\t\t\t<div class=\"elementor-widget-wrap elementor-element-populated\">\n\t\t\t\t\t\t<div class=\"elementor-element elementor-element-a56bf55 elementor-widget elementor-widget-text-editor\" data-id=\"a56bf55\" data-element_type=\"widget\" data-widget_type=\"text-editor.default\">\n\t\t\t\t<div class=\"elementor-widget-container\">\n\t\t\t\t\t\t\t<h3 class=\"gmail-\">\u2705 Comment \u00e7a fonctionne ?<\/h3><ol><li class=\"gmail-\"><p class=\"gmail-\"><strong>Inscrivez-vous gratuitement<\/strong>\u00a0en quelques clics.<\/p><\/li><li class=\"gmail-\"><p class=\"gmail-\"><strong>Remplissez soigneusement votre espace carri\u00e8re<\/strong>\u00a0(Comp\u00e9tences, langues, disponibilit\u00e9&#8230;).<\/p><\/li><li class=\"gmail-\"><p class=\"gmail-\"><strong>Acc\u00e9dez directement aux offres publi\u00e9es sur la plateforme.<\/strong><\/p><\/li><li class=\"gmail-\"><p class=\"gmail-\"><strong>Postulez\u00a0<u>Gratuitement<\/u>\u00a0en ligne<\/strong>\u00a0et travaillez avec des entreprises internationales.<\/p><\/li><\/ol>\t\t\t\t\t\t<\/div>\n\t\t\t\t<\/div>\n\t\t\t\t<div class=\"elementor-element elementor-element-7f6e5c3 elementor-align-center elementor-widget elementor-widget-button\" data-id=\"7f6e5c3\" data-element_type=\"widget\" data-widget_type=\"button.default\">\n\t\t\t\t<div class=\"elementor-widget-container\">\n\t\t\t\t\t<div class=\"elementor-button-wrapper\">\n\t\t\t<a class=\"elementor-button elementor-button-link elementor-size-sm\" href=\"https:\/\/www.hire.breedj.com\/registerlang\/talent\/fr\">\n\t\t\t\t\t\t<span class=\"elementor-button-content-wrapper\">\n\t\t\t\t\t\t\t\t\t<span class=\"elementor-button-text\">Rejoignez notre communaut\u00e9<\/span>\n\t\t\t\t\t<\/span>\n\t\t\t\t\t<\/a>\n\t\t<\/div>\n\t\t\t\t<\/div>\n\t\t\t\t<\/div>\n\t\t\t\t\t<\/div>\n\t\t<\/div>\n\t\t\t\t\t<\/div>\n\t\t<\/section>\n\t\t\t\t<section class=\"elementor-section elementor-top-section elementor-element elementor-element-a429ea4 elementor-section-boxed elementor-section-height-default elementor-section-height-default\" data-id=\"a429ea4\" data-element_type=\"section\">\n\t\t\t\t\t\t<div class=\"elementor-container elementor-column-gap-default\">\n\t\t\t\t\t<div class=\"elementor-column elementor-col-100 elementor-top-column elementor-element elementor-element-79e0893\" data-id=\"79e0893\" data-element_type=\"column\">\n\t\t\t<div class=\"elementor-widget-wrap elementor-element-populated\">\n\t\t\t\t\t\t<div class=\"elementor-element elementor-element-24e82bf elementor-widget elementor-widget-spacer\" data-id=\"24e82bf\" data-element_type=\"widget\" data-widget_type=\"spacer.default\">\n\t\t\t\t<div class=\"elementor-widget-container\">\n\t\t\t<style>\/*! elementor - v3.23.0 - 05-08-2024 *\/\n.elementor-column .elementor-spacer-inner{height:var(--spacer-size)}.e-con{--container-widget-width:100%}.e-con-inner>.elementor-widget-spacer,.e-con>.elementor-widget-spacer{width:var(--container-widget-width,var(--spacer-size));--align-self:var(--container-widget-align-self,initial);--flex-shrink:0}.e-con-inner>.elementor-widget-spacer>.elementor-widget-container,.e-con>.elementor-widget-spacer>.elementor-widget-container{height:100%;width:100%}.e-con-inner>.elementor-widget-spacer>.elementor-widget-container>.elementor-spacer,.e-con>.elementor-widget-spacer>.elementor-widget-container>.elementor-spacer{height:100%}.e-con-inner>.elementor-widget-spacer>.elementor-widget-container>.elementor-spacer>.elementor-spacer-inner,.e-con>.elementor-widget-spacer>.elementor-widget-container>.elementor-spacer>.elementor-spacer-inner{height:var(--container-widget-height,var(--spacer-size))}.e-con-inner>.elementor-widget-spacer.elementor-widget-empty,.e-con>.elementor-widget-spacer.elementor-widget-empty{position:relative;min-height:22px;min-width:22px}.e-con-inner>.elementor-widget-spacer.elementor-widget-empty .elementor-widget-empty-icon,.e-con>.elementor-widget-spacer.elementor-widget-empty .elementor-widget-empty-icon{position:absolute;top:0;bottom:0;left:0;right:0;margin:auto;padding:0;width:22px;height:22px}<\/style>\t\t<div class=\"elementor-spacer\">\n\t\t\t<div class=\"elementor-spacer-inner\"><\/div>\n\t\t<\/div>\n\t\t\t\t<\/div>\n\t\t\t\t<\/div>\n\t\t\t\t\t<\/div>\n\t\t<\/div>\n\t\t\t\t\t<\/div>\n\t\t<\/section>\n\t\t\t\t<\/div>\n\t\t","protected":false},"excerpt":{"rendered":"<p>\ud83d\ude80 Talenteum lance son application Breedj, qui deviendra votre plateforme de mise en relation. Breedj cr\u00e9e un lien entre les talents internationaux et les entreprises qui cherchent \u00e0 recruter \u00e0 distance, que ce soit pour des projets freelance ou des postes \u00e0 temps plein. Pourquoi cr\u00e9er votre compte ? Trouvez un emploi \u00e0 distance, en [&hellip;]<\/p>\n","protected":false},"author":4,"featured_media":4569,"parent":0,"menu_order":0,"comment_status":"closed","ping_status":"closed","template":"","meta":{"_monsterinsights_skip_tracking":false,"_monsterinsights_sitenote_active":false,"_monsterinsights_sitenote_note":"","_monsterinsights_sitenote_category":0,"footnotes":""},"categories":[],"tags":[],"class_list":["post-4526","page","type-page","status-publish","has-post-thumbnail","hentry"],"yoast_head":"<!-- This site is optimized with the Yoast SEO plugin v23.3 - https:\/\/yoast.com\/wordpress\/plugins\/seo\/ -->\n<title>Rejoignez la communaut\u00e9 - Talenteum<\/title>\n<meta name=\"robots\" content=\"index, follow, max-snippet:-1, max-image-preview:large, max-video-preview:-1\" \/>\n<link rel=\"canonical\" href=\"https:\/\/talenteum.com\/fr\/rejoignez-la-communaute\/\" \/>\n<meta property=\"og:locale\" content=\"fr_FR\" \/>\n<meta property=\"og:type\" content=\"article\" \/>\n<meta property=\"og:title\" content=\"Rejoignez la communaut\u00e9 - Talenteum\" \/>\n<meta property=\"og:description\" content=\"\ud83d\ude80 Talenteum lance son application Breedj, qui deviendra votre plateforme de mise en relation. Breedj cr\u00e9e un lien entre les talents internationaux et les entreprises qui cherchent \u00e0 recruter \u00e0 distance, que ce soit pour des projets freelance ou des postes \u00e0 temps plein. Pourquoi cr\u00e9er votre compte ? Trouvez un emploi \u00e0 distance, en [&hellip;]\" \/>\n<meta property=\"og:url\" content=\"https:\/\/talenteum.com\/fr\/rejoignez-la-communaute\/\" \/>\n<meta property=\"og:site_name\" content=\"Talenteum\" \/>\n<meta property=\"article:publisher\" content=\"https:\/\/www.facebook.com\/talenteum\/\" \/>\n<meta property=\"article:modified_time\" content=\"2025-09-18T10:38:59+00:00\" \/>\n<meta property=\"og:image\" content=\"https:\/\/talenteum.com\/wp-content\/uploads\/2025\/04\/How-to-integrate-Freelancer-to-your-Workforce-.webp\" \/>\n\t<meta property=\"og:image:width\" content=\"1000\" \/>\n\t<meta property=\"og:image:height\" content=\"667\" \/>\n\t<meta property=\"og:image:type\" content=\"image\/webp\" \/>\n<meta name=\"twitter:card\" content=\"summary_large_image\" \/>\n<meta name=\"twitter:label1\" content=\"Dur\u00e9e de lecture estim\u00e9e\" \/>\n\t<meta name=\"twitter:data1\" content=\"2 minutes\" \/>\n<script type=\"application\/ld+json\" class=\"yoast-schema-graph\">{\"@context\":\"https:\/\/schema.org\",\"@graph\":[{\"@type\":\"WebPage\",\"@id\":\"https:\/\/talenteum.com\/fr\/rejoignez-la-communaute\/\",\"url\":\"https:\/\/talenteum.com\/fr\/rejoignez-la-communaute\/\",\"name\":\"Rejoignez la communaut\u00e9 - Talenteum\",\"isPartOf\":{\"@id\":\"https:\/\/talenteum.com\/fr\/#website\"},\"primaryImageOfPage\":{\"@id\":\"https:\/\/talenteum.com\/fr\/rejoignez-la-communaute\/#primaryimage\"},\"image\":{\"@id\":\"https:\/\/talenteum.com\/fr\/rejoignez-la-communaute\/#primaryimage\"},\"thumbnailUrl\":\"https:\/\/talenteum.com\/wp-content\/uploads\/2025\/04\/How-to-integrate-Freelancer-to-your-Workforce-.webp\",\"datePublished\":\"2025-04-15T09:37:34+00:00\",\"dateModified\":\"2025-09-18T10:38:59+00:00\",\"breadcrumb\":{\"@id\":\"https:\/\/talenteum.com\/fr\/rejoignez-la-communaute\/#breadcrumb\"},\"inLanguage\":\"fr-FR\",\"potentialAction\":[{\"@type\":\"ReadAction\",\"target\":[\"https:\/\/talenteum.com\/fr\/rejoignez-la-communaute\/\"]}]},{\"@type\":\"ImageObject\",\"inLanguage\":\"fr-FR\",\"@id\":\"https:\/\/talenteum.com\/fr\/rejoignez-la-communaute\/#primaryimage\",\"url\":\"https:\/\/talenteum.com\/wp-content\/uploads\/2025\/04\/How-to-integrate-Freelancer-to-your-Workforce-.webp\",\"contentUrl\":\"https:\/\/talenteum.com\/wp-content\/uploads\/2025\/04\/How-to-integrate-Freelancer-to-your-Workforce-.webp\",\"width\":1000,\"height\":667},{\"@type\":\"BreadcrumbList\",\"@id\":\"https:\/\/talenteum.com\/fr\/rejoignez-la-communaute\/#breadcrumb\",\"itemListElement\":[{\"@type\":\"ListItem\",\"position\":1,\"name\":\"Home\",\"item\":\"https:\/\/talenteum.com\/fr\/\"},{\"@type\":\"ListItem\",\"position\":2,\"name\":\"Rejoignez la communaut\u00e9\"}]},{\"@type\":\"WebSite\",\"@id\":\"https:\/\/talenteum.com\/fr\/#website\",\"url\":\"https:\/\/talenteum.com\/fr\/\",\"name\":\"Talenteum.com\",\"description\":\"\",\"publisher\":{\"@id\":\"https:\/\/talenteum.com\/fr\/#organization\"},\"potentialAction\":[{\"@type\":\"SearchAction\",\"target\":{\"@type\":\"EntryPoint\",\"urlTemplate\":\"https:\/\/talenteum.com\/fr\/?s={search_term_string}\"},\"query-input\":\"required name=search_term_string\"}],\"inLanguage\":\"fr-FR\"},{\"@type\":\"Organization\",\"@id\":\"https:\/\/talenteum.com\/fr\/#organization\",\"name\":\"Talenteum\",\"url\":\"https:\/\/talenteum.com\/fr\/\",\"logo\":{\"@type\":\"ImageObject\",\"inLanguage\":\"fr-FR\",\"@id\":\"https:\/\/talenteum.com\/fr\/#\/schema\/logo\/image\/\",\"url\":\"https:\/\/talenteum.com\/wp-content\/uploads\/2024\/07\/Logo-Talenteum-v2-transp.png\",\"contentUrl\":\"https:\/\/talenteum.com\/wp-content\/uploads\/2024\/07\/Logo-Talenteum-v2-transp.png\",\"width\":1354,\"height\":408,\"caption\":\"Talenteum\"},\"image\":{\"@id\":\"https:\/\/talenteum.com\/fr\/#\/schema\/logo\/image\/\"},\"sameAs\":[\"https:\/\/www.facebook.com\/talenteum\/\",\"https:\/\/www.linkedin.com\/company\/talenteum\",\"https:\/\/www.youtube.com\/@talenteumafrica6913\"]}]}<\/script>\n<!-- \/ Yoast SEO plugin. -->","yoast_head_json":{"title":"Rejoignez la communaut\u00e9 - Talenteum","robots":{"index":"index","follow":"follow","max-snippet":"max-snippet:-1","max-image-preview":"max-image-preview:large","max-video-preview":"max-video-preview:-1"},"canonical":"https:\/\/talenteum.com\/fr\/rejoignez-la-communaute\/","og_locale":"fr_FR","og_type":"article","og_title":"Rejoignez la communaut\u00e9 - Talenteum","og_description":"\ud83d\ude80 Talenteum lance son application Breedj, qui deviendra votre plateforme de mise en relation. Breedj cr\u00e9e un lien entre les talents internationaux et les entreprises qui cherchent \u00e0 recruter \u00e0 distance, que ce soit pour des projets freelance ou des postes \u00e0 temps plein. Pourquoi cr\u00e9er votre compte ? Trouvez un emploi \u00e0 distance, en [&hellip;]","og_url":"https:\/\/talenteum.com\/fr\/rejoignez-la-communaute\/","og_site_name":"Talenteum","article_publisher":"https:\/\/www.facebook.com\/talenteum\/","article_modified_time":"2025-09-18T10:38:59+00:00","og_image":[{"width":1000,"height":667,"url":"https:\/\/talenteum.com\/wp-content\/uploads\/2025\/04\/How-to-integrate-Freelancer-to-your-Workforce-.webp","type":"image\/webp"}],"twitter_card":"summary_large_image","twitter_misc":{"Dur\u00e9e de lecture estim\u00e9e":"2 minutes"},"schema":{"@context":"https:\/\/schema.org","@graph":[{"@type":"WebPage","@id":"https:\/\/talenteum.com\/fr\/rejoignez-la-communaute\/","url":"https:\/\/talenteum.com\/fr\/rejoignez-la-communaute\/","name":"Rejoignez la communaut\u00e9 - Talenteum","isPartOf":{"@id":"https:\/\/talenteum.com\/fr\/#website"},"primaryImageOfPage":{"@id":"https:\/\/talenteum.com\/fr\/rejoignez-la-communaute\/#primaryimage"},"image":{"@id":"https:\/\/talenteum.com\/fr\/rejoignez-la-communaute\/#primaryimage"},"thumbnailUrl":"https:\/\/talenteum.com\/wp-content\/uploads\/2025\/04\/How-to-integrate-Freelancer-to-your-Workforce-.webp","datePublished":"2025-04-15T09:37:34+00:00","dateModified":"2025-09-18T10:38:59+00:00","breadcrumb":{"@id":"https:\/\/talenteum.com\/fr\/rejoignez-la-communaute\/#breadcrumb"},"inLanguage":"fr-FR","potentialAction":[{"@type":"ReadAction","target":["https:\/\/talenteum.com\/fr\/rejoignez-la-communaute\/"]}]},{"@type":"ImageObject","inLanguage":"fr-FR","@id":"https:\/\/talenteum.com\/fr\/rejoignez-la-communaute\/#primaryimage","url":"https:\/\/talenteum.com\/wp-content\/uploads\/2025\/04\/How-to-integrate-Freelancer-to-your-Workforce-.webp","contentUrl":"https:\/\/talenteum.com\/wp-content\/uploads\/2025\/04\/How-to-integrate-Freelancer-to-your-Workforce-.webp","width":1000,"height":667},{"@type":"BreadcrumbList","@id":"https:\/\/talenteum.com\/fr\/rejoignez-la-communaute\/#breadcrumb","itemListElement":[{"@type":"ListItem","position":1,"name":"Home","item":"https:\/\/talenteum.com\/fr\/"},{"@type":"ListItem","position":2,"name":"Rejoignez la communaut\u00e9"}]},{"@type":"WebSite","@id":"https:\/\/talenteum.com\/fr\/#website","url":"https:\/\/talenteum.com\/fr\/","name":"Talenteum.com","description":"","publisher":{"@id":"https:\/\/talenteum.com\/fr\/#organization"},"potentialAction":[{"@type":"SearchAction","target":{"@type":"EntryPoint","urlTemplate":"https:\/\/talenteum.com\/fr\/?s={search_term_string}"},"query-input":"required name=search_term_string"}],"inLanguage":"fr-FR"},{"@type":"Organization","@id":"https:\/\/talenteum.com\/fr\/#organization","name":"Talenteum","url":"https:\/\/talenteum.com\/fr\/","logo":{"@type":"ImageObject","inLanguage":"fr-FR","@id":"https:\/\/talenteum.com\/fr\/#\/schema\/logo\/image\/","url":"https:\/\/talenteum.com\/wp-content\/uploads\/2024\/07\/Logo-Talenteum-v2-transp.png","contentUrl":"https:\/\/talenteum.com\/wp-content\/uploads\/2024\/07\/Logo-Talenteum-v2-transp.png","width":1354,"height":408,"caption":"Talenteum"},"image":{"@id":"https:\/\/talenteum.com\/fr\/#\/schema\/logo\/image\/"},"sameAs":["https:\/\/www.facebook.com\/talenteum\/","https:\/\/www.linkedin.com\/company\/talenteum","https:\/\/www.youtube.com\/@talenteumafrica6913"]}]}},"_links":{"self":[{"href":"https:\/\/talenteum.com\/fr\/wp-json\/wp\/v2\/pages\/4526","targetHints":{"allow":["GET"]}}],"collection":[{"href":"https:\/\/talenteum.com\/fr\/wp-json\/wp\/v2\/pages"}],"about":[{"href":"https:\/\/talenteum.com\/fr\/wp-json\/wp\/v2\/types\/page"}],"author":[{"embeddable":true,"href":"https:\/\/talenteum.com\/fr\/wp-json\/wp\/v2\/users\/4"}],"replies":[{"embeddable":true,"href":"https:\/\/talenteum.com\/fr\/wp-json\/wp\/v2\/comments?post=4526"}],"version-history":[{"count":43,"href":"https:\/\/talenteum.com\/fr\/wp-json\/wp\/v2\/pages\/4526\/revisions"}],"predecessor-version":[{"id":6314,"href":"https:\/\/talenteum.com\/fr\/wp-json\/wp\/v2\/pages\/4526\/revisions\/6314"}],"wp:featuredmedia":[{"embeddable":true,"href":"https:\/\/talenteum.com\/fr\/wp-json\/wp\/v2\/media\/4569"}],"wp:attachment":[{"href":"https:\/\/talenteum.com\/fr\/wp-json\/wp\/v2\/media?parent=4526"}],"wp:term":[{"taxonomy":"category","embeddable":true,"href":"https:\/\/talenteum.com\/fr\/wp-json\/wp\/v2\/categories?post=4526"},{"taxonomy":"post_tag","embeddable":true,"href":"https:\/\/talenteum.com\/fr\/wp-json\/wp\/v2\/tags?post=4526"}],"curies":[{"name":"wp","href":"https:\/\/api.w.org\/{rel}","templated":true}]}}